{"id":23,"date":"2019-04-02T16:07:20","date_gmt":"2019-04-02T14:07:20","guid":{"rendered":"http:\/\/ceyoc.eu\/2020\/?page_id=23"},"modified":"2025-06-01T18:35:53","modified_gmt":"2025-06-01T16:35:53","slug":"ceyoc-programme","status":"publish","type":"page","link":"https:\/\/ceyoc.eu\/2026\/ceyoc-programme\/","title":{"rendered":"CEYOC Programme"},"content":{"rendered":"\n<p><\/p>\n\n\n\n<figure class=\"wp-block-image size-large\"><a href=\"https:\/\/ceyoc.eu\/domains\/ceyoc.eu\/2026\/wp-content\/uploads\/2025\/06\/CEYOC_logo_purple.svg\"><img loading=\"lazy\" decoding=\"async\" width=\"748\" height=\"143\" src=\"https:\/\/ceyoc.eu\/domains\/ceyoc.eu\/2026\/wp-content\/uploads\/2025\/06\/CEYOC_logo_purple.svg\" alt=\"\" class=\"wp-image-1212\"\/><\/a><\/figure>\n\n\n\n<hr class=\"wp-block-separator has-alpha-channel-opacity\"\/>\n\n\n\n<div class=\"wp-block-group is-layout-grid wp-container-core-group-is-layout-9649a0d9 wp-block-group-is-layout-grid\">\n<p class=\"wp-container-content-e29552f7\">Friday 27.03.2026, 14:00<\/p>\n\n\n\n<p>Zdislavice<\/p>\n\n\n\n<p>Relay<\/p>\n<\/div>\n\n\n\n<hr class=\"wp-block-separator has-alpha-channel-opacity\"\/>\n\n\n\n<div class=\"wp-block-group is-layout-grid wp-container-core-group-is-layout-9649a0d9 wp-block-group-is-layout-grid\">\n<p class=\"wp-container-content-e29552f7\">Saturday 28.03.2026, 11:00<\/p>\n\n\n\n<p>Zdislavice<\/p>\n\n\n\n<p>Long Distance<\/p>\n<\/div>\n\n\n\n<hr class=\"wp-block-separator has-alpha-channel-opacity\"\/>\n\n\n\n<div class=\"wp-block-group is-layout-grid wp-container-core-group-is-layout-9649a0d9 wp-block-group-is-layout-grid\">\n<p class=\"wp-container-content-e29552f7\">Sunday 29.03.2026, 10:00<\/p>\n\n\n\n<p>Krom\u011b\u0159\u00ed\u017e<\/p>\n\n\n\n<p>Sprint<\/p>\n\n\n\n<p><\/p>\n<\/div>\n\n\n\n<p><\/p>\n","protected":false},"excerpt":{"rendered":"<p>Friday 27.03.2026, 14:00 Zdislavice Relay Saturday 28.03.2026, 11:00 Zdislavice Long Distance Sunday 29.03.2026, 10:00 Krom\u011b\u0159\u00ed\u017e Sprint<\/p>\n","protected":false},"author":1,"featured_media":0,"parent":0,"menu_order":0,"comment_status":"closed","ping_status":"closed","template":"","meta":{"footnotes":""},"class_list":["post-23","page","type-page","status-publish","hentry"],"_links":{"self":[{"href":"https:\/\/ceyoc.eu\/2026\/wp-json\/wp\/v2\/pages\/23","targetHints":{"allow":["GET"]}}],"collection":[{"href":"https:\/\/ceyoc.eu\/2026\/wp-json\/wp\/v2\/pages"}],"about":[{"href":"https:\/\/ceyoc.eu\/2026\/wp-json\/wp\/v2\/types\/page"}],"author":[{"embeddable":true,"href":"https:\/\/ceyoc.eu\/2026\/wp-json\/wp\/v2\/users\/1"}],"replies":[{"embeddable":true,"href":"https:\/\/ceyoc.eu\/2026\/wp-json\/wp\/v2\/comments?post=23"}],"version-history":[{"count":31,"href":"https:\/\/ceyoc.eu\/2026\/wp-json\/wp\/v2\/pages\/23\/revisions"}],"predecessor-version":[{"id":1260,"href":"https:\/\/ceyoc.eu\/2026\/wp-json\/wp\/v2\/pages\/23\/revisions\/1260"}],"wp:attachment":[{"href":"https:\/\/ceyoc.eu\/2026\/wp-json\/wp\/v2\/media?parent=23"}],"curies":[{"name":"wp","href":"https:\/\/api.w.org\/{rel}","templated":true}]}}