{"id":20,"date":"2019-02-10T18:35:33","date_gmt":"2019-02-10T18:35:33","guid":{"rendered":"http:\/\/ceyoc.eu\/2019\/?page_id=20"},"modified":"2019-02-12T08:35:04","modified_gmt":"2019-02-12T08:35:04","slug":"contact","status":"publish","type":"page","link":"https:\/\/ceyoc.eu\/2019\/contact\/","title":{"rendered":"Contact"},"content":{"rendered":"\n\n<table id=\"tablepress-5\" class=\"tablepress tablepress-id-5\">\n<thead>\n<tr class=\"row-1 odd\">\n\t<th class=\"column-1\">Function<\/th><th class=\"column-2\">Person<\/th><th class=\"column-3\">mail<\/th><th class=\"column-4\">phone<\/th>\n<\/tr>\n<\/thead>\n<tbody class=\"row-hover\">\n<tr class=\"row-2 even\">\n\t<td class=\"column-1\">Event Director<\/td><td class=\"column-2\">Miroslav Hrub\u00fd<\/td><td class=\"column-3\">miroslav.hruby@ataco.cz<\/td><td class=\"column-4\">+420 602 580 549<\/td>\n<\/tr>\n<tr class=\"row-3 odd\">\n\t<td class=\"column-1\">Event Secretary<\/td><td class=\"column-2\">Old\u0159ich Vlach<\/td><td class=\"column-3\">oldrich.vlach@gmail.com<\/td><td class=\"column-4\">+420 605 354 599<\/td>\n<\/tr>\n<tr class=\"row-4 even\">\n\t<td class=\"column-1\">Main Referee<\/td><td class=\"column-2\">Monika Krej\u010d\u00edkov\u00e1<\/td><td class=\"column-3\">&nbsp;<\/td><td class=\"column-4\">&nbsp;<\/td>\n<\/tr>\n<tr class=\"row-5 odd\">\n\t<td class=\"column-1\">CEYOC Delegate<\/td><td class=\"column-2\">Du\u0161an Vystav\u011bl<\/td><td class=\"column-3\">dusanvystavel@seznam.cz<\/td><td class=\"column-4\">+420 602 730 417 <\/td>\n<\/tr>\n<tr class=\"row-6 even\">\n\t<td class=\"column-1\">Entries<\/td><td class=\"column-2\">Miroslav Hrub\u00fd<\/td><td class=\"column-3\">ob.aov@seznam.cz<\/td><td class=\"column-4\">&nbsp;<\/td>\n<\/tr>\n<\/tbody>\n<\/table>\n<!-- #tablepress-5 from cache -->\n","protected":false},"excerpt":{"rendered":"","protected":false},"author":1,"featured_media":0,"parent":0,"menu_order":0,"comment_status":"closed","ping_status":"closed","template":"","meta":{"footnotes":""},"_links":{"self":[{"href":"https:\/\/ceyoc.eu\/2019\/wp-json\/wp\/v2\/pages\/20"}],"collection":[{"href":"https:\/\/ceyoc.eu\/2019\/wp-json\/wp\/v2\/pages"}],"about":[{"href":"https:\/\/ceyoc.eu\/2019\/wp-json\/wp\/v2\/types\/page"}],"author":[{"embeddable":true,"href":"https:\/\/ceyoc.eu\/2019\/wp-json\/wp\/v2\/users\/1"}],"replies":[{"embeddable":true,"href":"https:\/\/ceyoc.eu\/2019\/wp-json\/wp\/v2\/comments?post=20"}],"version-history":[{"count":2,"href":"https:\/\/ceyoc.eu\/2019\/wp-json\/wp\/v2\/pages\/20\/revisions"}],"predecessor-version":[{"id":150,"href":"https:\/\/ceyoc.eu\/2019\/wp-json\/wp\/v2\/pages\/20\/revisions\/150"}],"wp:attachment":[{"href":"https:\/\/ceyoc.eu\/2019\/wp-json\/wp\/v2\/media?parent=20"}],"curies":[{"name":"wp","href":"https:\/\/api.w.org\/{rel}","templated":true}]}}