{"id":16,"date":"2019-02-10T18:35:33","date_gmt":"2019-02-10T18:35:33","guid":{"rendered":"http:\/\/ceyoc.eu\/2019\/?page_id=16"},"modified":"2019-04-16T06:19:26","modified_gmt":"2019-04-16T06:19:26","slug":"relay","status":"publish","type":"page","link":"https:\/\/ceyoc.eu\/2019\/relay\/","title":{"rendered":"Relay"},"content":{"rendered":"\n<h3 class=\"wp-block-heading\">Photos<\/h3>\n\n\n\n<ul><li>from <a href=\"https:\/\/www.zonerama.com\/TomasBubela\/Album\/5217048\">Tom\u00e1\u0161 Bubela<\/a> (together with Moravia Championship)<\/li><\/ul>\n\n\n\n<h3 class=\"wp-block-heading\">Results<\/h3>\n\n\n\n<ul><li>Relay results <a href=\"http:\/\/ceyoc.eu\/2019\/ceyoc_results_relay\/\">overall<\/a><\/li><li>Relay results with <a href=\"http:\/\/ceyoc.eu\/2019\/ceyoc_splits_relay\/\">split times<\/a><\/li><li>in <a href=\"http:\/\/www.msksos.cz\/soubory\/zavody\/2019\/AOV\/PROTOKOL.HTM\">ORIS<\/a> (together with Moravia championship cathegories)<\/li><\/ul>\n\n\n\n<h3 class=\"wp-block-heading\">Information<\/h3>\n\n\n\n<p>Saturday 6 April 2019,  10:00 \u2013 Ostr\u00e1 h\u016frka, H\u00e1j ve Slezsku<\/p>\n\n\n\n<ul class=\"wp-block-gallery columns-3 is-cropped wp-block-gallery-1 is-layout-flex wp-block-gallery-is-layout-flex\"><li class=\"blocks-gallery-item\"><figure><img decoding=\"async\" loading=\"lazy\" width=\"600\" height=\"600\" src=\"http:\/\/ceyoc.eu\/2019\/wp-content\/uploads\/2019\/02\/mapcut_relay.png\" alt=\"\" data-id=\"107\" data-link=\"http:\/\/ceyoc.eu\/2019\/mapcut_relay\/\" class=\"wp-image-107\" srcset=\"https:\/\/ceyoc.eu\/2019\/wp-content\/uploads\/2019\/02\/mapcut_relay.png 600w, https:\/\/ceyoc.eu\/2019\/wp-content\/uploads\/2019\/02\/mapcut_relay-150x150.png 150w, https:\/\/ceyoc.eu\/2019\/wp-content\/uploads\/2019\/02\/mapcut_relay-300x300.png 300w\" sizes=\"(max-width: 600px) 100vw, 600px\" \/><figcaption>New map<\/figcaption><\/figure><\/li><li class=\"blocks-gallery-item\"><figure><img decoding=\"async\" loading=\"lazy\" width=\"666\" height=\"500\" src=\"http:\/\/ceyoc.eu\/2019\/wp-content\/uploads\/2019\/02\/relay_01.jpg\" alt=\"\" data-id=\"166\" data-link=\"http:\/\/ceyoc.eu\/2019\/relay\/attachment\/relay_01\/\" class=\"wp-image-166\" srcset=\"https:\/\/ceyoc.eu\/2019\/wp-content\/uploads\/2019\/02\/relay_01.jpg 666w, https:\/\/ceyoc.eu\/2019\/wp-content\/uploads\/2019\/02\/relay_01-300x225.jpg 300w, https:\/\/ceyoc.eu\/2019\/wp-content\/uploads\/2019\/02\/relay_01-120x90.jpg 120w\" sizes=\"(max-width: 666px) 100vw, 666px\" \/><figcaption>WW2 remnants<\/figcaption><\/figure><\/li><li class=\"blocks-gallery-item\"><figure><img decoding=\"async\" loading=\"lazy\" width=\"667\" height=\"375\" src=\"http:\/\/ceyoc.eu\/2019\/wp-content\/uploads\/2019\/02\/relay_02.jpg\" alt=\"\" data-id=\"167\" data-link=\"http:\/\/ceyoc.eu\/2019\/relay\/attachment\/relay_02\/\" class=\"wp-image-167\" srcset=\"https:\/\/ceyoc.eu\/2019\/wp-content\/uploads\/2019\/02\/relay_02.jpg 667w, https:\/\/ceyoc.eu\/2019\/wp-content\/uploads\/2019\/02\/relay_02-300x169.jpg 300w, https:\/\/ceyoc.eu\/2019\/wp-content\/uploads\/2019\/02\/relay_02-540x304.jpg 540w\" sizes=\"(max-width: 667px) 100vw, 667px\" \/><figcaption>Forrest<\/figcaption><\/figure><\/li><\/ul>\n\n\n\n\n<table id=\"tablepress-3\" class=\"tablepress tablepress-id-3\">\n<tbody>\n<tr class=\"row-1\">\n\t<td class=\"column-1\">Course<\/td><td class=\"column-2\">Ji\u0159\u00ed Vlach<\/td>\n<\/tr>\n<tr class=\"row-2\">\n\t<td class=\"column-1\">Map makers<\/td><td class=\"column-2\">Bohumil H\u00e1j, Martin Teleck\u00fd<\/td>\n<\/tr>\n<tr class=\"row-3\">\n\t<td class=\"column-1\">Old map<\/td><td class=\"column-2\"><a href=\"http:\/\/mapy.orientacnisporty.cz\/mapa\/lhota-1993\">Lhota<\/a> (1993)<\/td>\n<\/tr>\n<\/tbody>\n<\/table>\n<!-- #tablepress-3 from cache -->\n\n\n\n<p>&nbsp;<\/p>\n\n\n\n<p style=\"text-align:center\"><iframe loading=\"lazy\" src=\"https:\/\/www.google.com\/maps\/d\/embed?mid=1kjOTTNxFLsuJHfppWbw7-gFzWOm52PaC\" width=\"640\" height=\"480\"><\/iframe><\/p>\n\n\n\n<p>&nbsp;<\/p>\n\n\n\n\n\t<div class=\"gs_logo_area gs_logo_area_69e37b4680df7 slider1\" style=\"opacity: 0; visibility: hidden;\">\n\t\t<div class=\"gs_logo_area--inner\">\n\n\t\t\t\n<div class=\"gs_logo_container gs_carousel_swiper gs_logo_fix_height_and_center\" data-carousel-config='{\"direction\":\"horizontal\",\"speed\":500,\"isAutoplay\":true,\"autoplayDelay\":2000,\"loop\":true,\"pauseOnHover\":true,\"ticker\":false,\"navs\":true,\"navs_pos\":\"bottom\",\"dots\":false,\"dynamic_dots\":true,\"slideSpace\":10,\"slidesPerGroup\":1,\"desktopLogos\":5,\"tabletLogos\":3,\"mobileLogos\":2,\"reverseDirection\":false}'>\n\n\t\n\t\t\n\t\t\t<div class=\"gs_logo_single--wrapper\">\n\t\t\t\t<div class=\"gs_logo_single\">\n\n\t\t\t\t\t<!-- Logo Img -->\n\t\t\t\t\t<a href=\"https:\/\/gsplugins.com\/\" target=\"_blank\" rel=\"noopener\"><img width=\"300\" height=\"117\" src=\"https:\/\/ceyoc.eu\/2019\/wp-content\/uploads\/2023\/08\/gs-logo-slider-12-300x117.png\" class=\"gs-logo--img wp-post-image\" alt=\"\" decoding=\"async\" title=\"GS Logo Twelve\" srcset=\"https:\/\/ceyoc.eu\/2019\/wp-content\/uploads\/2023\/08\/gs-logo-slider-12-300x117.png 300w, https:\/\/ceyoc.eu\/2019\/wp-content\/uploads\/2023\/08\/gs-logo-slider-12.png 360w\" sizes=\"(max-width: 300px) 100vw, 300px\" \/><\/a>\n\t\t\t\t\t<!-- Logo Title -->\n\t\t\t\t\t\t\t\t\t\t\n\t\t\t\t\t<!-- Logo Category -->\n\t\t\t\t\t\t\t\t\t\t\n\t\t\t\t<\/div>\n\t\t\t<\/div>\n\n\t\t\n\t\t\t<div class=\"gs_logo_single--wrapper\">\n\t\t\t\t<div class=\"gs_logo_single\">\n\n\t\t\t\t\t<!-- Logo Img -->\n\t\t\t\t\t<a href=\"https:\/\/gsplugins.com\/\" target=\"_blank\" rel=\"noopener\"><img width=\"300\" height=\"117\" src=\"https:\/\/ceyoc.eu\/2019\/wp-content\/uploads\/2023\/08\/gs-logo-slider-11-300x117.png\" class=\"gs-logo--img wp-post-image\" alt=\"\" decoding=\"async\" title=\"GS Logo Eleven\" srcset=\"https:\/\/ceyoc.eu\/2019\/wp-content\/uploads\/2023\/08\/gs-logo-slider-11-300x117.png 300w, https:\/\/ceyoc.eu\/2019\/wp-content\/uploads\/2023\/08\/gs-logo-slider-11.png 360w\" sizes=\"(max-width: 300px) 100vw, 300px\" \/><\/a>\n\t\t\t\t\t<!-- Logo Title -->\n\t\t\t\t\t\t\t\t\t\t\n\t\t\t\t\t<!-- Logo Category -->\n\t\t\t\t\t\t\t\t\t\t\n\t\t\t\t<\/div>\n\t\t\t<\/div>\n\n\t\t\n\t\t\t<div class=\"gs_logo_single--wrapper\">\n\t\t\t\t<div class=\"gs_logo_single\">\n\n\t\t\t\t\t<!-- Logo Img -->\n\t\t\t\t\t<a href=\"https:\/\/gsplugins.com\/\" target=\"_blank\" rel=\"noopener\"><img width=\"300\" height=\"117\" src=\"https:\/\/ceyoc.eu\/2019\/wp-content\/uploads\/2023\/08\/gs-logo-slider-10-300x117.png\" class=\"gs-logo--img wp-post-image\" alt=\"\" decoding=\"async\" title=\"GS Logo Ten\" srcset=\"https:\/\/ceyoc.eu\/2019\/wp-content\/uploads\/2023\/08\/gs-logo-slider-10-300x117.png 300w, https:\/\/ceyoc.eu\/2019\/wp-content\/uploads\/2023\/08\/gs-logo-slider-10.png 360w\" sizes=\"(max-width: 300px) 100vw, 300px\" \/><\/a>\n\t\t\t\t\t<!-- Logo Title -->\n\t\t\t\t\t\t\t\t\t\t\n\t\t\t\t\t<!-- Logo Category -->\n\t\t\t\t\t\t\t\t\t\t\n\t\t\t\t<\/div>\n\t\t\t<\/div>\n\n\t\t\n\t\t\t<div class=\"gs_logo_single--wrapper\">\n\t\t\t\t<div class=\"gs_logo_single\">\n\n\t\t\t\t\t<!-- Logo Img -->\n\t\t\t\t\t<a href=\"https:\/\/gsplugins.com\/\" target=\"_blank\" rel=\"noopener\"><img width=\"300\" height=\"117\" src=\"https:\/\/ceyoc.eu\/2019\/wp-content\/uploads\/2023\/08\/gs-logo-slider-9-300x117.png\" class=\"gs-logo--img wp-post-image\" alt=\"\" decoding=\"async\" title=\"GS Logo Nine\" srcset=\"https:\/\/ceyoc.eu\/2019\/wp-content\/uploads\/2023\/08\/gs-logo-slider-9-300x117.png 300w, https:\/\/ceyoc.eu\/2019\/wp-content\/uploads\/2023\/08\/gs-logo-slider-9.png 360w\" sizes=\"(max-width: 300px) 100vw, 300px\" \/><\/a>\n\t\t\t\t\t<!-- Logo Title -->\n\t\t\t\t\t\t\t\t\t\t\n\t\t\t\t\t<!-- Logo Category -->\n\t\t\t\t\t\t\t\t\t\t\n\t\t\t\t<\/div>\n\t\t\t<\/div>\n\n\t\t\n\t\t\t<div class=\"gs_logo_single--wrapper\">\n\t\t\t\t<div class=\"gs_logo_single\">\n\n\t\t\t\t\t<!-- Logo Img -->\n\t\t\t\t\t<a href=\"https:\/\/gsplugins.com\/\" target=\"_blank\" rel=\"noopener\"><img width=\"300\" height=\"117\" src=\"https:\/\/ceyoc.eu\/2019\/wp-content\/uploads\/2023\/08\/gs-logo-slider-8-300x117.png\" class=\"gs-logo--img wp-post-image\" alt=\"\" decoding=\"async\" title=\"GS Logo Eight\" srcset=\"https:\/\/ceyoc.eu\/2019\/wp-content\/uploads\/2023\/08\/gs-logo-slider-8-300x117.png 300w, https:\/\/ceyoc.eu\/2019\/wp-content\/uploads\/2023\/08\/gs-logo-slider-8.png 360w\" sizes=\"(max-width: 300px) 100vw, 300px\" \/><\/a>\n\t\t\t\t\t<!-- Logo Title -->\n\t\t\t\t\t\t\t\t\t\t\n\t\t\t\t\t<!-- Logo Category -->\n\t\t\t\t\t\t\t\t\t\t\n\t\t\t\t<\/div>\n\t\t\t<\/div>\n\n\t\t\n\t\t\t<div class=\"gs_logo_single--wrapper\">\n\t\t\t\t<div class=\"gs_logo_single\">\n\n\t\t\t\t\t<!-- Logo Img -->\n\t\t\t\t\t<a href=\"https:\/\/gsplugins.com\/\" target=\"_blank\" rel=\"noopener\"><img width=\"300\" height=\"117\" src=\"https:\/\/ceyoc.eu\/2019\/wp-content\/uploads\/2023\/08\/gs-logo-slider-7-300x117.png\" class=\"gs-logo--img wp-post-image\" alt=\"\" decoding=\"async\" title=\"GS Logo Seven\" srcset=\"https:\/\/ceyoc.eu\/2019\/wp-content\/uploads\/2023\/08\/gs-logo-slider-7-300x117.png 300w, https:\/\/ceyoc.eu\/2019\/wp-content\/uploads\/2023\/08\/gs-logo-slider-7.png 360w\" sizes=\"(max-width: 300px) 100vw, 300px\" \/><\/a>\n\t\t\t\t\t<!-- Logo Title -->\n\t\t\t\t\t\t\t\t\t\t\n\t\t\t\t\t<!-- Logo Category -->\n\t\t\t\t\t\t\t\t\t\t\n\t\t\t\t<\/div>\n\t\t\t<\/div>\n\n\t\t\n\t\t\t<div class=\"gs_logo_single--wrapper\">\n\t\t\t\t<div class=\"gs_logo_single\">\n\n\t\t\t\t\t<!-- Logo Img -->\n\t\t\t\t\t<a href=\"https:\/\/gsplugins.com\/\" target=\"_blank\" rel=\"noopener\"><img width=\"300\" height=\"117\" src=\"https:\/\/ceyoc.eu\/2019\/wp-content\/uploads\/2023\/08\/gs-logo-slider-6-300x117.png\" class=\"gs-logo--img wp-post-image\" alt=\"\" decoding=\"async\" title=\"GS Logo Six\" srcset=\"https:\/\/ceyoc.eu\/2019\/wp-content\/uploads\/2023\/08\/gs-logo-slider-6-300x117.png 300w, https:\/\/ceyoc.eu\/2019\/wp-content\/uploads\/2023\/08\/gs-logo-slider-6.png 360w\" sizes=\"(max-width: 300px) 100vw, 300px\" \/><\/a>\n\t\t\t\t\t<!-- Logo Title -->\n\t\t\t\t\t\t\t\t\t\t\n\t\t\t\t\t<!-- Logo Category -->\n\t\t\t\t\t\t\t\t\t\t\n\t\t\t\t<\/div>\n\t\t\t<\/div>\n\n\t\t\n\t\t\t<div class=\"gs_logo_single--wrapper\">\n\t\t\t\t<div class=\"gs_logo_single\">\n\n\t\t\t\t\t<!-- Logo Img -->\n\t\t\t\t\t<a href=\"https:\/\/gsplugins.com\/\" target=\"_blank\" rel=\"noopener\"><img width=\"300\" height=\"117\" src=\"https:\/\/ceyoc.eu\/2019\/wp-content\/uploads\/2023\/08\/gs-logo-slider-5-300x117.png\" class=\"gs-logo--img wp-post-image\" alt=\"\" decoding=\"async\" title=\"GS Logo Five\" srcset=\"https:\/\/ceyoc.eu\/2019\/wp-content\/uploads\/2023\/08\/gs-logo-slider-5-300x117.png 300w, https:\/\/ceyoc.eu\/2019\/wp-content\/uploads\/2023\/08\/gs-logo-slider-5.png 360w\" sizes=\"(max-width: 300px) 100vw, 300px\" \/><\/a>\n\t\t\t\t\t<!-- Logo Title -->\n\t\t\t\t\t\t\t\t\t\t\n\t\t\t\t\t<!-- Logo Category -->\n\t\t\t\t\t\t\t\t\t\t\n\t\t\t\t<\/div>\n\t\t\t<\/div>\n\n\t\t\n\t\t\t<div class=\"gs_logo_single--wrapper\">\n\t\t\t\t<div class=\"gs_logo_single\">\n\n\t\t\t\t\t<!-- Logo Img -->\n\t\t\t\t\t<a href=\"https:\/\/gsplugins.com\/\" target=\"_blank\" rel=\"noopener\"><img width=\"300\" height=\"117\" src=\"https:\/\/ceyoc.eu\/2019\/wp-content\/uploads\/2023\/08\/gs-logo-slider-4-300x117.png\" class=\"gs-logo--img wp-post-image\" alt=\"\" decoding=\"async\" title=\"GS Logo Four\" srcset=\"https:\/\/ceyoc.eu\/2019\/wp-content\/uploads\/2023\/08\/gs-logo-slider-4-300x117.png 300w, https:\/\/ceyoc.eu\/2019\/wp-content\/uploads\/2023\/08\/gs-logo-slider-4.png 360w\" sizes=\"(max-width: 300px) 100vw, 300px\" \/><\/a>\n\t\t\t\t\t<!-- Logo Title -->\n\t\t\t\t\t\t\t\t\t\t\n\t\t\t\t\t<!-- Logo Category -->\n\t\t\t\t\t\t\t\t\t\t\n\t\t\t\t<\/div>\n\t\t\t<\/div>\n\n\t\t\n\t\t\t<div class=\"gs_logo_single--wrapper\">\n\t\t\t\t<div class=\"gs_logo_single\">\n\n\t\t\t\t\t<!-- Logo Img -->\n\t\t\t\t\t<a href=\"https:\/\/gsplugins.com\/\" target=\"_blank\" rel=\"noopener\"><img width=\"300\" height=\"117\" src=\"https:\/\/ceyoc.eu\/2019\/wp-content\/uploads\/2023\/08\/gs-logo-slider-3-300x117.png\" class=\"gs-logo--img wp-post-image\" alt=\"\" decoding=\"async\" title=\"GS Logo Three\" srcset=\"https:\/\/ceyoc.eu\/2019\/wp-content\/uploads\/2023\/08\/gs-logo-slider-3-300x117.png 300w, https:\/\/ceyoc.eu\/2019\/wp-content\/uploads\/2023\/08\/gs-logo-slider-3.png 360w\" sizes=\"(max-width: 300px) 100vw, 300px\" \/><\/a>\n\t\t\t\t\t<!-- Logo Title -->\n\t\t\t\t\t\t\t\t\t\t\n\t\t\t\t\t<!-- Logo Category -->\n\t\t\t\t\t\t\t\t\t\t\n\t\t\t\t<\/div>\n\t\t\t<\/div>\n\n\t\t\n\t\t\t<div class=\"gs_logo_single--wrapper\">\n\t\t\t\t<div class=\"gs_logo_single\">\n\n\t\t\t\t\t<!-- Logo Img -->\n\t\t\t\t\t<a href=\"https:\/\/gsplugins.com\/\" target=\"_blank\" rel=\"noopener\"><img width=\"300\" height=\"117\" src=\"https:\/\/ceyoc.eu\/2019\/wp-content\/uploads\/2023\/08\/gs-logo-slider-2-300x117.png\" class=\"gs-logo--img wp-post-image\" alt=\"\" decoding=\"async\" title=\"GS Logo Two\" srcset=\"https:\/\/ceyoc.eu\/2019\/wp-content\/uploads\/2023\/08\/gs-logo-slider-2-300x117.png 300w, https:\/\/ceyoc.eu\/2019\/wp-content\/uploads\/2023\/08\/gs-logo-slider-2.png 360w\" sizes=\"(max-width: 300px) 100vw, 300px\" \/><\/a>\n\t\t\t\t\t<!-- Logo Title -->\n\t\t\t\t\t\t\t\t\t\t\n\t\t\t\t\t<!-- Logo Category -->\n\t\t\t\t\t\t\t\t\t\t\n\t\t\t\t<\/div>\n\t\t\t<\/div>\n\n\t\t\n\t\t\t<div class=\"gs_logo_single--wrapper\">\n\t\t\t\t<div class=\"gs_logo_single\">\n\n\t\t\t\t\t<!-- Logo Img -->\n\t\t\t\t\t<a href=\"https:\/\/gsplugins.com\/\" target=\"_blank\" rel=\"noopener\"><img width=\"300\" height=\"117\" src=\"https:\/\/ceyoc.eu\/2019\/wp-content\/uploads\/2023\/08\/gs-logo-slider-1-300x117.png\" class=\"gs-logo--img wp-post-image\" alt=\"\" decoding=\"async\" title=\"GS Logo One\" srcset=\"https:\/\/ceyoc.eu\/2019\/wp-content\/uploads\/2023\/08\/gs-logo-slider-1-300x117.png 300w, https:\/\/ceyoc.eu\/2019\/wp-content\/uploads\/2023\/08\/gs-logo-slider-1.png 360w\" sizes=\"(max-width: 300px) 100vw, 300px\" \/><\/a>\n\t\t\t\t\t<!-- Logo Title -->\n\t\t\t\t\t\t\t\t\t\t\n\t\t\t\t\t<!-- Logo Category -->\n\t\t\t\t\t\t\t\t\t\t\n\t\t\t\t<\/div>\n\t\t\t<\/div>\n\n\t\t\n\t\t\t<div class=\"gs_logo_single--wrapper\">\n\t\t\t\t<div class=\"gs_logo_single\">\n\n\t\t\t\t\t<!-- Logo Img -->\n\t\t\t\t\t<a href=\"https:\/\/www.msk.cz\/\" target=\"_blank\" rel=\"noopener\"><img width=\"214\" height=\"65\" src=\"https:\/\/ceyoc.eu\/2019\/wp-content\/uploads\/2019\/02\/msk.png\" class=\"gs-logo--img wp-post-image\" alt=\"\" decoding=\"async\" title=\"Moravskoslezsk\u00fd kraj\" \/><\/a>\n\t\t\t\t\t<!-- Logo Title -->\n\t\t\t\t\t\t\t\t\t\t\n\t\t\t\t\t<!-- Logo Category -->\n\t\t\t\t\t\t\t\t\t\t\n\t\t\t\t<\/div>\n\t\t\t<\/div>\n\n\t\t\n\t\t\t<div class=\"gs_logo_single--wrapper\">\n\t\t\t\t<div class=\"gs_logo_single\">\n\n\t\t\t\t\t<!-- Logo Img -->\n\t\t\t\t\t<a href=\"http:\/\/www.hajveslezsku.cz\/\" target=\"_blank\" rel=\"noopener\"><img width=\"212\" height=\"238\" src=\"https:\/\/ceyoc.eu\/2019\/wp-content\/uploads\/2019\/02\/haj.jpg\" class=\"gs-logo--img wp-post-image\" alt=\"\" decoding=\"async\" title=\"H\u00e1j ve Slezsku\" \/><\/a>\n\t\t\t\t\t<!-- Logo Title -->\n\t\t\t\t\t\t\t\t\t\t\n\t\t\t\t\t<!-- Logo Category -->\n\t\t\t\t\t\t\t\t\t\t\n\t\t\t\t<\/div>\n\t\t\t<\/div>\n\n\t\t\n\t\t\t<div class=\"gs_logo_single--wrapper\">\n\t\t\t\t<div class=\"gs_logo_single\">\n\n\t\t\t\t\t<!-- Logo Img -->\n\t\t\t\t\t<a href=\"https:\/\/orienteering.org\/\" target=\"_blank\" rel=\"noopener\"><img width=\"300\" height=\"136\" src=\"https:\/\/ceyoc.eu\/2019\/wp-content\/uploads\/2019\/02\/iof-logo-colour-300x136.png\" class=\"gs-logo--img wp-post-image\" alt=\"\" decoding=\"async\" title=\"IOF\" srcset=\"https:\/\/ceyoc.eu\/2019\/wp-content\/uploads\/2019\/02\/iof-logo-colour-300x136.png 300w, https:\/\/ceyoc.eu\/2019\/wp-content\/uploads\/2019\/02\/iof-logo-colour-768x349.png 768w, https:\/\/ceyoc.eu\/2019\/wp-content\/uploads\/2019\/02\/iof-logo-colour-e1549877893397.png 200w\" sizes=\"(max-width: 300px) 100vw, 300px\" \/><\/a>\n\t\t\t\t\t<!-- Logo Title -->\n\t\t\t\t\t\t\t\t\t\t\n\t\t\t\t\t<!-- Logo Category -->\n\t\t\t\t\t\t\t\t\t\t\n\t\t\t\t<\/div>\n\t\t\t<\/div>\n\n\t\t\n\t\t\t<div class=\"gs_logo_single--wrapper\">\n\t\t\t\t<div class=\"gs_logo_single\">\n\n\t\t\t\t\t<!-- Logo Img -->\n\t\t\t\t\t<a href=\"https:\/\/www.suninvent.cz\/\" target=\"_blank\" rel=\"noopener\"><img width=\"300\" height=\"152\" src=\"https:\/\/ceyoc.eu\/2019\/wp-content\/uploads\/2019\/02\/suninvent-300x152.png\" class=\"gs-logo--img wp-post-image\" alt=\"\" decoding=\"async\" title=\"Suninvent\" srcset=\"https:\/\/ceyoc.eu\/2019\/wp-content\/uploads\/2019\/02\/suninvent-300x152.png 300w, https:\/\/ceyoc.eu\/2019\/wp-content\/uploads\/2019\/02\/suninvent.png 315w\" sizes=\"(max-width: 300px) 100vw, 300px\" \/><\/a>\n\t\t\t\t\t<!-- Logo Title -->\n\t\t\t\t\t\t\t\t\t\t\n\t\t\t\t\t<!-- Logo Category -->\n\t\t\t\t\t\t\t\t\t\t\n\t\t\t\t<\/div>\n\t\t\t<\/div>\n\n\t\t\n\t\t\t<div class=\"gs_logo_single--wrapper\">\n\t\t\t\t<div class=\"gs_logo_single\">\n\n\t\t\t\t\t<!-- Logo Img -->\n\t\t\t\t\t<a href=\"https:\/\/www.ataco.cz\/en\/index.html\" target=\"_blank\" rel=\"noopener\"><img width=\"500\" height=\"305\" src=\"https:\/\/ceyoc.eu\/2019\/wp-content\/uploads\/2019\/02\/logo-ataco-nove-1.gif\" class=\"gs-logo--img wp-post-image\" alt=\"\" decoding=\"async\" title=\"ATACO\" \/><\/a>\n\t\t\t\t\t<!-- Logo Title -->\n\t\t\t\t\t\t\t\t\t\t\n\t\t\t\t\t<!-- Logo Category -->\n\t\t\t\t\t\t\t\t\t\t\n\t\t\t\t<\/div>\n\t\t\t<\/div>\n\n\t\t\t\t\n\t\n<\/div>\t\t<\/div>\n\t<\/div>\n\n\t\n","protected":false},"excerpt":{"rendered":"<p>Photos from Tom\u00e1\u0161 Bubela (together with Moravia Championship) Results Relay results overall Relay results with split times in ORIS (together with Moravia championship cathegories) Information Saturday 6 April 2019, 10:00 \u2013 Ostr\u00e1 h\u016frka, H\u00e1j ve Slezsku &nbsp; &nbsp;<\/p>\n","protected":false},"author":1,"featured_media":0,"parent":0,"menu_order":0,"comment_status":"closed","ping_status":"closed","template":"","meta":{"footnotes":""},"_links":{"self":[{"href":"https:\/\/ceyoc.eu\/2019\/wp-json\/wp\/v2\/pages\/16"}],"collection":[{"href":"https:\/\/ceyoc.eu\/2019\/wp-json\/wp\/v2\/pages"}],"about":[{"href":"https:\/\/ceyoc.eu\/2019\/wp-json\/wp\/v2\/types\/page"}],"author":[{"embeddable":true,"href":"https:\/\/ceyoc.eu\/2019\/wp-json\/wp\/v2\/users\/1"}],"replies":[{"embeddable":true,"href":"https:\/\/ceyoc.eu\/2019\/wp-json\/wp\/v2\/comments?post=16"}],"version-history":[{"count":8,"href":"https:\/\/ceyoc.eu\/2019\/wp-json\/wp\/v2\/pages\/16\/revisions"}],"predecessor-version":[{"id":229,"href":"https:\/\/ceyoc.eu\/2019\/wp-json\/wp\/v2\/pages\/16\/revisions\/229"}],"wp:attachment":[{"href":"https:\/\/ceyoc.eu\/2019\/wp-json\/wp\/v2\/media?parent=16"}],"curies":[{"name":"wp","href":"https:\/\/api.w.org\/{rel}","templated":true}]}}